{"id":4387,"date":"2022-06-20T13:22:43","date_gmt":"2022-06-20T18:22:43","guid":{"rendered":"https:\/\/www.amazonicaep.ec\/?page_id=4387"},"modified":"2022-06-27T15:23:25","modified_gmt":"2022-06-27T20:23:25","slug":"programas-abiertos-ingles","status":"publish","type":"page","link":"https:\/\/www.amazonicaep.ec\/web\/v1\/?page_id=4387","title":{"rendered":"Programas abiertos Ingl\u00e9s"},"content":{"rendered":"\t\t<div data-elementor-type=\"wp-page\" data-elementor-id=\"4387\" class=\"elementor elementor-4387\">\n\t\t\t\t\t\t<section class=\"ob-is-breaking-bad elementor-section elementor-top-section elementor-element elementor-element-10e8940 elementor-section-boxed elementor-section-height-default elementor-section-height-default\" data-id=\"10e8940\" data-element_type=\"section\" data-settings=\"{&quot;_ob_bbad_use_it&quot;:&quot;yes&quot;,&quot;_ob_bbad_sssic_use&quot;:&quot;no&quot;,&quot;_ob_glider_is_slider&quot;:&quot;no&quot;,&quot;_ha_eqh_enable&quot;:false}\">\n\t\t\t\t\t\t\t<div class=\"elementor-background-overlay\"><\/div>\n\t\t\t\t\t\t\t<div class=\"elementor-container elementor-column-gap-default\">\n\t\t\t\t\t<div class=\"elementor-column elementor-col-100 elementor-top-column elementor-element elementor-element-777db22\" data-id=\"777db22\" data-element_type=\"column\" data-settings=\"{&quot;_ob_bbad_is_stalker&quot;:&quot;no&quot;,&quot;_ob_teleporter_use&quot;:false,&quot;_ob_column_hoveranimator&quot;:&quot;no&quot;,&quot;_ob_column_has_pseudo&quot;:&quot;no&quot;}\">\n\t\t\t<div class=\"elementor-widget-wrap elementor-element-populated\">\n\t\t\t\t\t\t<div class=\"elementor-element elementor-element-cf5e4b4 ob-harakiri-inherit ob-has-background-overlay elementor-widget elementor-widget-heading\" data-id=\"cf5e4b4\" data-element_type=\"widget\" data-settings=\"{&quot;_ob_use_harakiri&quot;:&quot;yes&quot;,&quot;_ob_harakiri_writing_mode&quot;:&quot;inherit&quot;,&quot;_ob_harakiri_text_clip&quot;:&quot;none&quot;,&quot;_ob_perspektive_use&quot;:&quot;no&quot;,&quot;_ob_poopart_use&quot;:&quot;yes&quot;,&quot;_ob_shadough_use&quot;:&quot;no&quot;,&quot;_ob_allow_hoveranimator&quot;:&quot;no&quot;,&quot;_ob_widget_stalker_use&quot;:&quot;no&quot;}\" data-widget_type=\"heading.default\">\n\t\t\t\t<div class=\"elementor-widget-container\">\n\t\t\t<h2 class=\"elementor-heading-title elementor-size-xl\">PROGRAMAS ABIERTOS DE INGL\u00c9S<\/h2>\t\t<\/div>\n\t\t\t\t<\/div>\n\t\t\t\t<div class=\"elementor-element elementor-element-66c6ac4 elementor-position-top ob-has-background-overlay elementor-widget elementor-widget-image-box\" data-id=\"66c6ac4\" data-element_type=\"widget\" data-settings=\"{&quot;_ob_perspektive_use&quot;:&quot;no&quot;,&quot;_ob_poopart_use&quot;:&quot;yes&quot;,&quot;_ob_shadough_use&quot;:&quot;no&quot;,&quot;_ob_allow_hoveranimator&quot;:&quot;no&quot;,&quot;_ob_widget_stalker_use&quot;:&quot;no&quot;}\" data-widget_type=\"image-box.default\">\n\t\t\t\t<div class=\"elementor-widget-container\">\n\t\t\t<div class=\"elementor-image-box-wrapper\"><figure class=\"elementor-image-box-img\"><a href=\"http:\/\/wa.me\/593962136010\" tabindex=\"-1\"><img fetchpriority=\"high\" decoding=\"async\" width=\"2560\" height=\"2560\" src=\"https:\/\/www.amazonicaep.ec\/web\/v1\/wp-content\/uploads\/2022\/06\/KIDS_Mesa-de-trabajo-1_Mesa-de-trabajo-1_Mesa-de-trabajo-1-scaled.jpg\" class=\"attachment-full size-full wp-image-4409\" alt=\"\" srcset=\"https:\/\/www.amazonicaep.ec\/web\/v1\/wp-content\/uploads\/2022\/06\/KIDS_Mesa-de-trabajo-1_Mesa-de-trabajo-1_Mesa-de-trabajo-1-scaled.jpg 2560w, https:\/\/www.amazonicaep.ec\/web\/v1\/wp-content\/uploads\/2022\/06\/KIDS_Mesa-de-trabajo-1_Mesa-de-trabajo-1_Mesa-de-trabajo-1-300x300.jpg 300w, https:\/\/www.amazonicaep.ec\/web\/v1\/wp-content\/uploads\/2022\/06\/KIDS_Mesa-de-trabajo-1_Mesa-de-trabajo-1_Mesa-de-trabajo-1-1024x1024.jpg 1024w, https:\/\/www.amazonicaep.ec\/web\/v1\/wp-content\/uploads\/2022\/06\/KIDS_Mesa-de-trabajo-1_Mesa-de-trabajo-1_Mesa-de-trabajo-1-150x150.jpg 150w, https:\/\/www.amazonicaep.ec\/web\/v1\/wp-content\/uploads\/2022\/06\/KIDS_Mesa-de-trabajo-1_Mesa-de-trabajo-1_Mesa-de-trabajo-1-768x768.jpg 768w, https:\/\/www.amazonicaep.ec\/web\/v1\/wp-content\/uploads\/2022\/06\/KIDS_Mesa-de-trabajo-1_Mesa-de-trabajo-1_Mesa-de-trabajo-1-1536x1536.jpg 1536w, https:\/\/www.amazonicaep.ec\/web\/v1\/wp-content\/uploads\/2022\/06\/KIDS_Mesa-de-trabajo-1_Mesa-de-trabajo-1_Mesa-de-trabajo-1-2048x2048.jpg 2048w\" sizes=\"(max-width: 2560px) 100vw, 2560px\" \/><\/a><\/figure><div class=\"elementor-image-box-content\"><h3 class=\"elementor-image-box-title\"><a href=\"http:\/\/wa.me\/593962136010\">PROGRAMA KIDS<\/a><\/h3><\/div><\/div>\t\t<\/div>\n\t\t\t\t<\/div>\n\t\t\t\t<div class=\"elementor-element elementor-element-5c9977c elementor-align-center ob-has-background-overlay elementor-widget elementor-widget-button\" data-id=\"5c9977c\" data-element_type=\"widget\" data-settings=\"{&quot;_ob_butterbutton_use_it&quot;:&quot;no&quot;,&quot;_ob_perspektive_use&quot;:&quot;no&quot;,&quot;_ob_poopart_use&quot;:&quot;yes&quot;,&quot;_ob_shadough_use&quot;:&quot;no&quot;,&quot;_ob_allow_hoveranimator&quot;:&quot;no&quot;,&quot;_ob_widget_stalker_use&quot;:&quot;no&quot;}\" data-widget_type=\"button.default\">\n\t\t\t\t<div class=\"elementor-widget-container\">\n\t\t\t\t\t<div class=\"elementor-button-wrapper\">\n\t\t\t<a class=\"elementor-button elementor-button-link elementor-size-sm\" href=\"https:\/\/www.amazonicaep.ec\/wp-content\/uploads\/2022\/06\/BROCHURE-KIDS.pdf\">\n\t\t\t\t\t\t<span class=\"elementor-button-content-wrapper\">\n\t\t\t\t\t\t\t\t\t<span class=\"elementor-button-text\">Haz clic aqu\u00ed<\/span>\n\t\t\t\t\t<\/span>\n\t\t\t\t\t<\/a>\n\t\t<\/div>\n\t\t\t\t<\/div>\n\t\t\t\t<\/div>\n\t\t\t\t<div class=\"elementor-element elementor-element-8ee7344 elementor-position-top ob-has-background-overlay elementor-widget elementor-widget-image-box\" data-id=\"8ee7344\" data-element_type=\"widget\" data-settings=\"{&quot;_ob_perspektive_use&quot;:&quot;no&quot;,&quot;_ob_poopart_use&quot;:&quot;yes&quot;,&quot;_ob_shadough_use&quot;:&quot;no&quot;,&quot;_ob_allow_hoveranimator&quot;:&quot;no&quot;,&quot;_ob_widget_stalker_use&quot;:&quot;no&quot;}\" data-widget_type=\"image-box.default\">\n\t\t\t\t<div class=\"elementor-widget-container\">\n\t\t\t<div class=\"elementor-image-box-wrapper\"><figure class=\"elementor-image-box-img\"><a href=\"http:\/\/wa.me\/593962136010\" tabindex=\"-1\"><img decoding=\"async\" width=\"2560\" height=\"2560\" src=\"https:\/\/www.amazonicaep.ec\/web\/v1\/wp-content\/uploads\/2022\/06\/TEENS-02-02-1-scaled.jpg\" class=\"attachment-full size-full wp-image-4453\" alt=\"\" srcset=\"https:\/\/www.amazonicaep.ec\/web\/v1\/wp-content\/uploads\/2022\/06\/TEENS-02-02-1-scaled.jpg 2560w, https:\/\/www.amazonicaep.ec\/web\/v1\/wp-content\/uploads\/2022\/06\/TEENS-02-02-1-300x300.jpg 300w, https:\/\/www.amazonicaep.ec\/web\/v1\/wp-content\/uploads\/2022\/06\/TEENS-02-02-1-1024x1024.jpg 1024w, https:\/\/www.amazonicaep.ec\/web\/v1\/wp-content\/uploads\/2022\/06\/TEENS-02-02-1-150x150.jpg 150w, https:\/\/www.amazonicaep.ec\/web\/v1\/wp-content\/uploads\/2022\/06\/TEENS-02-02-1-768x768.jpg 768w, https:\/\/www.amazonicaep.ec\/web\/v1\/wp-content\/uploads\/2022\/06\/TEENS-02-02-1-1536x1536.jpg 1536w, https:\/\/www.amazonicaep.ec\/web\/v1\/wp-content\/uploads\/2022\/06\/TEENS-02-02-1-2048x2048.jpg 2048w\" sizes=\"(max-width: 2560px) 100vw, 2560px\" \/><\/a><\/figure><div class=\"elementor-image-box-content\"><h3 class=\"elementor-image-box-title\"><a href=\"http:\/\/wa.me\/593962136010\">PROGRAMA TEENS<\/a><\/h3><\/div><\/div>\t\t<\/div>\n\t\t\t\t<\/div>\n\t\t\t\t<div class=\"elementor-element elementor-element-d7e440a elementor-align-center ob-has-background-overlay elementor-widget elementor-widget-button\" data-id=\"d7e440a\" data-element_type=\"widget\" data-settings=\"{&quot;_ob_butterbutton_use_it&quot;:&quot;no&quot;,&quot;_ob_perspektive_use&quot;:&quot;no&quot;,&quot;_ob_poopart_use&quot;:&quot;yes&quot;,&quot;_ob_shadough_use&quot;:&quot;no&quot;,&quot;_ob_allow_hoveranimator&quot;:&quot;no&quot;,&quot;_ob_widget_stalker_use&quot;:&quot;no&quot;}\" data-widget_type=\"button.default\">\n\t\t\t\t<div class=\"elementor-widget-container\">\n\t\t\t\t\t<div class=\"elementor-button-wrapper\">\n\t\t\t<a class=\"elementor-button elementor-button-link elementor-size-sm\" href=\"https:\/\/www.amazonicaep.ec\/wp-content\/uploads\/2022\/06\/BROCHURE-TEENS-1.pdf\">\n\t\t\t\t\t\t<span class=\"elementor-button-content-wrapper\">\n\t\t\t\t\t\t\t\t\t<span class=\"elementor-button-text\">Descargar Brochure<\/span>\n\t\t\t\t\t<\/span>\n\t\t\t\t\t<\/a>\n\t\t<\/div>\n\t\t\t\t<\/div>\n\t\t\t\t<\/div>\n\t\t\t\t<div class=\"elementor-element elementor-element-a3f7438 elementor-position-top ob-has-background-overlay elementor-widget elementor-widget-image-box\" data-id=\"a3f7438\" data-element_type=\"widget\" data-settings=\"{&quot;_ob_perspektive_use&quot;:&quot;no&quot;,&quot;_ob_poopart_use&quot;:&quot;yes&quot;,&quot;_ob_shadough_use&quot;:&quot;no&quot;,&quot;_ob_allow_hoveranimator&quot;:&quot;no&quot;,&quot;_ob_widget_stalker_use&quot;:&quot;no&quot;}\" data-widget_type=\"image-box.default\">\n\t\t\t\t<div class=\"elementor-widget-container\">\n\t\t\t<div class=\"elementor-image-box-wrapper\"><figure class=\"elementor-image-box-img\"><a href=\"http:\/\/wa.me\/593962136010\" tabindex=\"-1\"><img decoding=\"async\" width=\"2560\" height=\"2560\" src=\"https:\/\/www.amazonicaep.ec\/web\/v1\/wp-content\/uploads\/2022\/06\/ADULTS-03-03-03-03-scaled.jpg\" class=\"attachment-full size-full wp-image-4436\" alt=\"\" srcset=\"https:\/\/www.amazonicaep.ec\/web\/v1\/wp-content\/uploads\/2022\/06\/ADULTS-03-03-03-03-scaled.jpg 2560w, https:\/\/www.amazonicaep.ec\/web\/v1\/wp-content\/uploads\/2022\/06\/ADULTS-03-03-03-03-300x300.jpg 300w, https:\/\/www.amazonicaep.ec\/web\/v1\/wp-content\/uploads\/2022\/06\/ADULTS-03-03-03-03-1024x1024.jpg 1024w, https:\/\/www.amazonicaep.ec\/web\/v1\/wp-content\/uploads\/2022\/06\/ADULTS-03-03-03-03-150x150.jpg 150w, https:\/\/www.amazonicaep.ec\/web\/v1\/wp-content\/uploads\/2022\/06\/ADULTS-03-03-03-03-768x768.jpg 768w, https:\/\/www.amazonicaep.ec\/web\/v1\/wp-content\/uploads\/2022\/06\/ADULTS-03-03-03-03-1536x1536.jpg 1536w, https:\/\/www.amazonicaep.ec\/web\/v1\/wp-content\/uploads\/2022\/06\/ADULTS-03-03-03-03-2048x2048.jpg 2048w\" sizes=\"(max-width: 2560px) 100vw, 2560px\" \/><\/a><\/figure><div class=\"elementor-image-box-content\"><h3 class=\"elementor-image-box-title\"><a href=\"http:\/\/wa.me\/593962136010\">PROGRAMA ADULTS<\/a><\/h3><\/div><\/div>\t\t<\/div>\n\t\t\t\t<\/div>\n\t\t\t\t<div class=\"elementor-element elementor-element-8265d58 elementor-align-center ob-has-background-overlay elementor-widget elementor-widget-button\" data-id=\"8265d58\" data-element_type=\"widget\" data-settings=\"{&quot;_ob_butterbutton_use_it&quot;:&quot;no&quot;,&quot;_ob_perspektive_use&quot;:&quot;no&quot;,&quot;_ob_poopart_use&quot;:&quot;yes&quot;,&quot;_ob_shadough_use&quot;:&quot;no&quot;,&quot;_ob_allow_hoveranimator&quot;:&quot;no&quot;,&quot;_ob_widget_stalker_use&quot;:&quot;no&quot;}\" data-widget_type=\"button.default\">\n\t\t\t\t<div class=\"elementor-widget-container\">\n\t\t\t\t\t<div class=\"elementor-button-wrapper\">\n\t\t\t<a class=\"elementor-button elementor-button-link elementor-size-sm\" href=\"https:\/\/www.amazonicaep.ec\/wp-content\/uploads\/2022\/06\/BROCHURE-ADULTS.pdf\">\n\t\t\t\t\t\t<span class=\"elementor-button-content-wrapper\">\n\t\t\t\t\t\t\t\t\t<span class=\"elementor-button-text\">Descargar Brochure<\/span>\n\t\t\t\t\t<\/span>\n\t\t\t\t\t<\/a>\n\t\t<\/div>\n\t\t\t\t<\/div>\n\t\t\t\t<\/div>\n\t\t\t\t\t<\/div>\n\t\t<\/div>\n\t\t\t\t\t<\/div>\n\t\t<\/section>\n\t\t\t\t<section class=\"ob-is-breaking-bad elementor-section elementor-top-section elementor-element elementor-element-1c17fde elementor-section-boxed elementor-section-height-default elementor-section-height-default\" data-id=\"1c17fde\" data-element_type=\"section\" data-settings=\"{&quot;_ob_bbad_use_it&quot;:&quot;yes&quot;,&quot;_ob_bbad_sssic_use&quot;:&quot;no&quot;,&quot;_ob_glider_is_slider&quot;:&quot;no&quot;,&quot;_ha_eqh_enable&quot;:false}\">\n\t\t\t\t\t\t\t<div class=\"elementor-background-overlay\"><\/div>\n\t\t\t\t\t\t\t<div class=\"elementor-container elementor-column-gap-default\">\n\t\t\t\t\t<div class=\"elementor-column elementor-col-100 elementor-top-column elementor-element elementor-element-2f91b15\" data-id=\"2f91b15\" data-element_type=\"column\" data-settings=\"{&quot;_ob_bbad_is_stalker&quot;:&quot;no&quot;,&quot;_ob_teleporter_use&quot;:false,&quot;_ob_column_hoveranimator&quot;:&quot;no&quot;,&quot;_ob_column_has_pseudo&quot;:&quot;no&quot;}\">\n\t\t\t<div class=\"elementor-widget-wrap elementor-element-populated\">\n\t\t\t\t\t\t<div class=\"elementor-element elementor-element-0f11787 elementor-position-top ob-has-background-overlay elementor-widget elementor-widget-image-box\" data-id=\"0f11787\" data-element_type=\"widget\" data-settings=\"{&quot;_ob_perspektive_use&quot;:&quot;no&quot;,&quot;_ob_poopart_use&quot;:&quot;yes&quot;,&quot;_ob_shadough_use&quot;:&quot;no&quot;,&quot;_ob_allow_hoveranimator&quot;:&quot;no&quot;,&quot;_ob_widget_stalker_use&quot;:&quot;no&quot;}\" data-widget_type=\"image-box.default\">\n\t\t\t\t<div class=\"elementor-widget-container\">\n\t\t\t<div class=\"elementor-image-box-wrapper\"><figure class=\"elementor-image-box-img\"><a href=\"http:\/\/wa.me\/593962136010\" tabindex=\"-1\"><img loading=\"lazy\" decoding=\"async\" width=\"2560\" height=\"2560\" src=\"https:\/\/www.amazonicaep.ec\/web\/v1\/wp-content\/uploads\/2022\/06\/SP-PROFESSIONAL-04-04-04-scaled.jpg\" class=\"attachment-full size-full wp-image-4437\" alt=\"\" srcset=\"https:\/\/www.amazonicaep.ec\/web\/v1\/wp-content\/uploads\/2022\/06\/SP-PROFESSIONAL-04-04-04-scaled.jpg 2560w, https:\/\/www.amazonicaep.ec\/web\/v1\/wp-content\/uploads\/2022\/06\/SP-PROFESSIONAL-04-04-04-300x300.jpg 300w, https:\/\/www.amazonicaep.ec\/web\/v1\/wp-content\/uploads\/2022\/06\/SP-PROFESSIONAL-04-04-04-1024x1024.jpg 1024w, https:\/\/www.amazonicaep.ec\/web\/v1\/wp-content\/uploads\/2022\/06\/SP-PROFESSIONAL-04-04-04-150x150.jpg 150w, https:\/\/www.amazonicaep.ec\/web\/v1\/wp-content\/uploads\/2022\/06\/SP-PROFESSIONAL-04-04-04-768x768.jpg 768w, https:\/\/www.amazonicaep.ec\/web\/v1\/wp-content\/uploads\/2022\/06\/SP-PROFESSIONAL-04-04-04-1536x1536.jpg 1536w, https:\/\/www.amazonicaep.ec\/web\/v1\/wp-content\/uploads\/2022\/06\/SP-PROFESSIONAL-04-04-04-2048x2048.jpg 2048w\" sizes=\"(max-width: 2560px) 100vw, 2560px\" \/><\/a><\/figure><div class=\"elementor-image-box-content\"><h3 class=\"elementor-image-box-title\"><a href=\"http:\/\/wa.me\/593962136010\">PROGRAMA ESP PROFESSIONAL<\/a><\/h3><\/div><\/div>\t\t<\/div>\n\t\t\t\t<\/div>\n\t\t\t\t\t<\/div>\n\t\t<\/div>\n\t\t\t\t\t<\/div>\n\t\t<\/section>\n\t\t\t\t<section class=\"ob-is-breaking-bad elementor-section elementor-top-section elementor-element elementor-element-50f9c33 elementor-section-boxed elementor-section-height-default elementor-section-height-default\" data-id=\"50f9c33\" data-element_type=\"section\" data-settings=\"{&quot;_ob_bbad_use_it&quot;:&quot;yes&quot;,&quot;_ob_bbad_sssic_use&quot;:&quot;no&quot;,&quot;_ob_glider_is_slider&quot;:&quot;no&quot;,&quot;_ha_eqh_enable&quot;:false}\">\n\t\t\t\t\t\t\t<div class=\"elementor-background-overlay\"><\/div>\n\t\t\t\t\t\t\t<div class=\"elementor-container elementor-column-gap-default\">\n\t\t\t\t\t<div class=\"elementor-column elementor-col-100 elementor-top-column elementor-element elementor-element-abd91a8\" data-id=\"abd91a8\" data-element_type=\"column\" data-settings=\"{&quot;_ob_bbad_is_stalker&quot;:&quot;no&quot;,&quot;_ob_teleporter_use&quot;:false,&quot;_ob_column_hoveranimator&quot;:&quot;no&quot;,&quot;_ob_column_has_pseudo&quot;:&quot;no&quot;}\">\n\t\t\t<div class=\"elementor-widget-wrap elementor-element-populated\">\n\t\t\t\t\t\t<div class=\"elementor-element elementor-element-0da7316 elementor-align-center ob-has-background-overlay elementor-widget elementor-widget-button\" data-id=\"0da7316\" data-element_type=\"widget\" data-settings=\"{&quot;_ob_butterbutton_use_it&quot;:&quot;no&quot;,&quot;_ob_perspektive_use&quot;:&quot;no&quot;,&quot;_ob_poopart_use&quot;:&quot;yes&quot;,&quot;_ob_shadough_use&quot;:&quot;no&quot;,&quot;_ob_allow_hoveranimator&quot;:&quot;no&quot;,&quot;_ob_widget_stalker_use&quot;:&quot;no&quot;}\" data-widget_type=\"button.default\">\n\t\t\t\t<div class=\"elementor-widget-container\">\n\t\t\t\t\t<div class=\"elementor-button-wrapper\">\n\t\t\t<a class=\"elementor-button elementor-button-link elementor-size-sm\" href=\"https:\/\/www.amazonicaep.ec\/wp-content\/uploads\/2022\/06\/BROCHURE-ESP-PROFESSIONALS-1.pdf\">\n\t\t\t\t\t\t<span class=\"elementor-button-content-wrapper\">\n\t\t\t\t\t\t\t\t\t<span class=\"elementor-button-text\">Descargar Brochure<\/span>\n\t\t\t\t\t<\/span>\n\t\t\t\t\t<\/a>\n\t\t<\/div>\n\t\t\t\t<\/div>\n\t\t\t\t<\/div>\n\t\t\t\t<div class=\"elementor-element elementor-element-b329bc9 ob-harakiri-inherit ob-has-background-overlay elementor-widget elementor-widget-heading\" data-id=\"b329bc9\" data-element_type=\"widget\" data-settings=\"{&quot;_ob_use_harakiri&quot;:&quot;yes&quot;,&quot;_ob_harakiri_writing_mode&quot;:&quot;inherit&quot;,&quot;_ob_harakiri_text_clip&quot;:&quot;none&quot;,&quot;_ob_perspektive_use&quot;:&quot;no&quot;,&quot;_ob_poopart_use&quot;:&quot;yes&quot;,&quot;_ob_shadough_use&quot;:&quot;no&quot;,&quot;_ob_allow_hoveranimator&quot;:&quot;no&quot;,&quot;_ob_widget_stalker_use&quot;:&quot;no&quot;}\" data-widget_type=\"heading.default\">\n\t\t\t\t<div class=\"elementor-widget-container\">\n\t\t\t<h2 class=\"elementor-heading-title elementor-size-default\">PR\u00d3XIMAMENTE<\/h2>\t\t<\/div>\n\t\t\t\t<\/div>\n\t\t\t\t<div class=\"elementor-element elementor-element-1df2c4e ob-has-background-overlay elementor-widget elementor-widget-image\" data-id=\"1df2c4e\" data-element_type=\"widget\" data-settings=\"{&quot;_ob_photomorph_use&quot;:&quot;no&quot;,&quot;_ob_perspektive_use&quot;:&quot;no&quot;,&quot;_ob_poopart_use&quot;:&quot;yes&quot;,&quot;_ob_shadough_use&quot;:&quot;no&quot;,&quot;_ob_allow_hoveranimator&quot;:&quot;no&quot;,&quot;_ob_widget_stalker_use&quot;:&quot;no&quot;}\" data-widget_type=\"image.default\">\n\t\t\t\t<div class=\"elementor-widget-container\">\n\t\t\t\t\t\t\t\t\t\t\t\t\t<img loading=\"lazy\" decoding=\"async\" width=\"1024\" height=\"1024\" src=\"https:\/\/www.amazonicaep.ec\/web\/v1\/wp-content\/uploads\/2022\/06\/CONFERENCIA-EXPECTATIVA-07-07-1024x1024.jpg\" class=\"attachment-large size-large wp-image-4413\" alt=\"\" srcset=\"https:\/\/www.amazonicaep.ec\/web\/v1\/wp-content\/uploads\/2022\/06\/CONFERENCIA-EXPECTATIVA-07-07-1024x1024.jpg 1024w, https:\/\/www.amazonicaep.ec\/web\/v1\/wp-content\/uploads\/2022\/06\/CONFERENCIA-EXPECTATIVA-07-07-300x300.jpg 300w, https:\/\/www.amazonicaep.ec\/web\/v1\/wp-content\/uploads\/2022\/06\/CONFERENCIA-EXPECTATIVA-07-07-150x150.jpg 150w, https:\/\/www.amazonicaep.ec\/web\/v1\/wp-content\/uploads\/2022\/06\/CONFERENCIA-EXPECTATIVA-07-07-768x768.jpg 768w, https:\/\/www.amazonicaep.ec\/web\/v1\/wp-content\/uploads\/2022\/06\/CONFERENCIA-EXPECTATIVA-07-07-1536x1536.jpg 1536w, https:\/\/www.amazonicaep.ec\/web\/v1\/wp-content\/uploads\/2022\/06\/CONFERENCIA-EXPECTATIVA-07-07-2048x2048.jpg 2048w\" sizes=\"(max-width: 1024px) 100vw, 1024px\" \/>\t\t\t\t\t\t\t\t\t\t\t\t\t<\/div>\n\t\t\t\t<\/div>\n\t\t\t\t\t<\/div>\n\t\t<\/div>\n\t\t\t\t\t<\/div>\n\t\t<\/section>\n\t\t\t\t<section class=\"ob-is-breaking-bad elementor-section elementor-top-section elementor-element elementor-element-754b1b6 elementor-section-boxed elementor-section-height-default elementor-section-height-default\" data-id=\"754b1b6\" data-element_type=\"section\" data-settings=\"{&quot;_ob_bbad_use_it&quot;:&quot;yes&quot;,&quot;_ob_bbad_sssic_use&quot;:&quot;no&quot;,&quot;_ob_glider_is_slider&quot;:&quot;no&quot;,&quot;_ha_eqh_enable&quot;:false}\">\n\t\t\t\t\t\t<div class=\"elementor-container elementor-column-gap-default\">\n\t\t\t\t\t<div class=\"elementor-column elementor-col-100 elementor-top-column elementor-element elementor-element-1a00b54\" data-id=\"1a00b54\" data-element_type=\"column\" data-settings=\"{&quot;_ob_bbad_is_stalker&quot;:&quot;no&quot;,&quot;_ob_teleporter_use&quot;:false,&quot;_ob_column_hoveranimator&quot;:&quot;no&quot;,&quot;_ob_column_has_pseudo&quot;:&quot;no&quot;}\">\n\t\t\t<div class=\"elementor-widget-wrap elementor-element-populated\">\n\t\t\t\t\t\t<div class=\"elementor-element elementor-element-6d41d5e elementor-align-center ob-has-background-overlay elementor-widget elementor-widget-button\" data-id=\"6d41d5e\" data-element_type=\"widget\" data-settings=\"{&quot;_ob_butterbutton_use_it&quot;:&quot;no&quot;,&quot;_ob_perspektive_use&quot;:&quot;no&quot;,&quot;_ob_poopart_use&quot;:&quot;yes&quot;,&quot;_ob_shadough_use&quot;:&quot;no&quot;,&quot;_ob_allow_hoveranimator&quot;:&quot;no&quot;,&quot;_ob_widget_stalker_use&quot;:&quot;no&quot;}\" data-widget_type=\"button.default\">\n\t\t\t\t<div class=\"elementor-widget-container\">\n\t\t\t\t\t<div class=\"elementor-button-wrapper\">\n\t\t\t<a class=\"elementor-button elementor-button-link elementor-size-sm\" href=\"http:\/\/wa.me\/593962136010\">\n\t\t\t\t\t\t<span class=\"elementor-button-content-wrapper\">\n\t\t\t\t\t\t\t\t\t<span class=\"elementor-button-text\">CONT\u00c1CTANOS<\/span>\n\t\t\t\t\t<\/span>\n\t\t\t\t\t<\/a>\n\t\t<\/div>\n\t\t\t\t<\/div>\n\t\t\t\t<\/div>\n\t\t\t\t\t<\/div>\n\t\t<\/div>\n\t\t\t\t\t<\/div>\n\t\t<\/section>\n\t\t\t\t<\/div>\n\t\t","protected":false},"excerpt":{"rendered":"<p>PROGRAMAS ABIERTOS DE INGL\u00c9S PROGRAMA KIDS Haz clic aqu\u00ed PROGRAMA TEENS Descargar Brochure PROGRAMA ADULTS Descargar Brochure PROGRAMA ESP PROFESSIONAL Descargar Brochure PR\u00d3XIMAMENTE CONT\u00c1CTANOS<\/p>\n","protected":false},"author":7,"featured_media":0,"parent":0,"menu_order":0,"comment_status":"closed","ping_status":"closed","template":"","meta":{"om_disable_all_campaigns":false,"_monsterinsights_skip_tracking":false,"_monsterinsights_sitenote_active":false,"_monsterinsights_sitenote_note":"","_monsterinsights_sitenote_category":0,"_uf_show_specific_survey":0,"_uf_disable_surveys":false,"site-sidebar-layout":"no-sidebar","site-content-layout":"page-builder","ast-site-content-layout":"","site-content-style":"default","site-sidebar-style":"default","ast-global-header-display":"","ast-banner-title-visibility":"","ast-main-header-display":"","ast-hfb-above-header-display":"","ast-hfb-below-header-display":"","ast-hfb-mobile-header-display":"","site-post-title":"disabled","ast-breadcrumbs-content":"","ast-featured-img":"disabled","footer-sml-layout":"","theme-transparent-header-meta":"","adv-header-id-meta":"","stick-header-meta":"","header-above-stick-meta":"","header-main-stick-meta":"","header-below-stick-meta":"","astra-migrate-meta-layouts":"default","ast-page-background-enabled":"default","ast-page-background-meta":{"desktop":{"background-color":"","background-image":"","background-repeat":"repeat","background-position":"center center","background-size":"auto","background-attachment":"scroll","background-type":"","background-media":"","overlay-type":"","overlay-color":"","overlay-opacity":"","overlay-gradient":""},"tablet":{"background-color":"","background-image":"","background-repeat":"repeat","background-position":"center center","background-size":"auto","background-attachment":"scroll","background-type":"","background-media":"","overlay-type":"","overlay-color":"","overlay-opacity":"","overlay-gradient":""},"mobile":{"background-color":"","background-image":"","background-repeat":"repeat","background-position":"center center","background-size":"auto","background-attachment":"scroll","background-type":"","background-media":"","overlay-type":"","overlay-color":"","overlay-opacity":"","overlay-gradient":""}},"ast-content-background-meta":{"desktop":{"background-color":"var(--ast-global-color-5)","background-image":"","background-repeat":"repeat","background-position":"center center","background-size":"auto","background-attachment":"scroll","background-type":"","background-media":"","overlay-type":"","overlay-color":"","overlay-opacity":"","overlay-gradient":""},"tablet":{"background-color":"var(--ast-global-color-5)","background-image":"","background-repeat":"repeat","background-position":"center center","background-size":"auto","background-attachment":"scroll","background-type":"","background-media":"","overlay-type":"","overlay-color":"","overlay-opacity":"","overlay-gradient":""},"mobile":{"background-color":"var(--ast-global-color-5)","background-image":"","background-repeat":"repeat","background-position":"center center","background-size":"auto","background-attachment":"scroll","background-type":"","background-media":"","overlay-type":"","overlay-color":"","overlay-opacity":"","overlay-gradient":""}},"footnotes":""},"class_list":["post-4387","page","type-page","status-publish","hentry"],"aioseo_notices":[],"_links":{"self":[{"href":"https:\/\/www.amazonicaep.ec\/web\/v1\/index.php?rest_route=\/wp\/v2\/pages\/4387"}],"collection":[{"href":"https:\/\/www.amazonicaep.ec\/web\/v1\/index.php?rest_route=\/wp\/v2\/pages"}],"about":[{"href":"https:\/\/www.amazonicaep.ec\/web\/v1\/index.php?rest_route=\/wp\/v2\/types\/page"}],"author":[{"embeddable":true,"href":"https:\/\/www.amazonicaep.ec\/web\/v1\/index.php?rest_route=\/wp\/v2\/users\/7"}],"replies":[{"embeddable":true,"href":"https:\/\/www.amazonicaep.ec\/web\/v1\/index.php?rest_route=%2Fwp%2Fv2%2Fcomments&post=4387"}],"version-history":[{"count":31,"href":"https:\/\/www.amazonicaep.ec\/web\/v1\/index.php?rest_route=\/wp\/v2\/pages\/4387\/revisions"}],"predecessor-version":[{"id":4462,"href":"https:\/\/www.amazonicaep.ec\/web\/v1\/index.php?rest_route=\/wp\/v2\/pages\/4387\/revisions\/4462"}],"wp:attachment":[{"href":"https:\/\/www.amazonicaep.ec\/web\/v1\/index.php?rest_route=%2Fwp%2Fv2%2Fmedia&parent=4387"}],"curies":[{"name":"wp","href":"https:\/\/api.w.org\/{rel}","templated":true}]}}